{"id":5850,"date":"2026-04-29T12:54:43","date_gmt":"2026-04-29T10:54:43","guid":{"rendered":"https:\/\/www.steinbeis-hochschule.de\/?page_id=5850"},"modified":"2026-04-29T13:23:49","modified_gmt":"2026-04-29T11:23:49","slug":"online-bibliotheken-test","status":"publish","type":"page","link":"https:\/\/www.steinbeis-hochschule.de\/en\/online-bibliotheken-test\/","title":{"rendered":"Online-Bibliotheken &#8211; TEST"},"content":{"rendered":"<p><div class=\"fusion-fullwidth fullwidth-box fusion-builder-row-1 fusion-flex-container has-pattern-background has-mask-background nonhundred-percent-fullwidth non-hundred-percent-height-scrolling fusion-custom-z-index\" style=\"--awb-border-radius-top-left:0px;--awb-border-radius-top-right:0px;--awb-border-radius-bottom-right:0px;--awb-border-radius-bottom-left:0px;--awb-z-index:1;--awb-padding-right-small:0px;--awb-padding-left-small:0px;--awb-margin-top:5%;--awb-margin-bottom:5%;--awb-flex-wrap:wrap;\" ><div class=\"fusion-builder-row fusion-row fusion-flex-align-items-stretch fusion-flex-content-wrap\" style=\"max-width:1454.96px;margin-left: calc(-4% \/ 2 );margin-right: calc(-4% \/ 2 );\"><div class=\"fusion-layout-column fusion_builder_column fusion-builder-column-0 fusion_builder_column_2_3 2_3 fusion-flex-column\" style=\"--awb-padding-top:20px;--awb-padding-right:20px;--awb-padding-bottom:100px;--awb-padding-left:30px;--awb-bg-color:var(--awb-color2);--awb-bg-color-hover:var(--awb-color2);--awb-bg-size:cover;--awb-width-large:66.666666666667%;--awb-margin-top-large:0px;--awb-spacing-right-large:0%;--awb-margin-bottom-large:0px;--awb-spacing-left-large:0%;--awb-width-medium:66.666666666667%;--awb-order-medium:0;--awb-spacing-right-medium:0%;--awb-spacing-left-medium:0%;--awb-width-small:100%;--awb-order-small:0;--awb-spacing-right-small:1.92%;--awb-spacing-left-small:1.92%;\"><div class=\"fusion-column-wrapper fusion-column-has-shadow fusion-flex-justify-content-flex-start fusion-content-layout-column\"><div class=\"fusion-title title fusion-title-1 fusion-sep-none fusion-title-text fusion-title-size-paragraph\" style=\"--awb-text-color:var(--awb-color1);--awb-margin-top:0.6em;--awb-margin-bottom:0.2em;--awb-margin-top-small:10px;--awb-margin-right-small:0px;--awb-margin-bottom-small:10px;--awb-margin-left-small:0px;--awb-font-size:var(--awb-custom_typography_16-font-size);\"><p class=\"fusion-title-heading title-heading-left title-heading-tag fusion-responsive-typography-calculated\" style=\"font-family:&quot;Open Sans&quot;;font-style:normal;font-weight:600;margin:0;letter-spacing:var(--awb-custom_typography_16-letter-spacing);text-transform:var(--awb-custom_typography_16-text-transform);font-size:1em;--fontSize:27.2;line-height:var(--awb-custom_typography_16-line-height);\">Online-Bibliotheken<\/p><\/div><div class=\"fusion-title title fusion-title-2 fusion-sep-none fusion-title-text fusion-title-size-one\" style=\"--awb-margin-top:0.67em;--awb-margin-top-small:10px;--awb-margin-right-small:0px;--awb-margin-bottom-small:10px;--awb-margin-left-small:0px;--awb-font-size:var(--awb-custom_typography_3-font-size);\"><h1 class=\"fusion-title-heading title-heading-left fusion-responsive-typography-calculated\" style=\"font-family:&quot;Open Sans&quot;;font-style:normal;font-weight:700;margin:0;letter-spacing:var(--awb-custom_typography_3-letter-spacing);text-transform:var(--awb-custom_typography_3-text-transform);font-size:1em;--fontSize:52.7;line-height:var(--awb-custom_typography_3-line-height);\">Fachwissen online<\/h1><\/div><\/div><\/div><div class=\"fusion-layout-column fusion_builder_column fusion-builder-column-1 fusion_builder_column_1_3 1_3 fusion-flex-column fusion-flex-align-self-stretch\" style=\"--awb-bg-color:var(--awb-color7);--awb-bg-color-hover:var(--awb-color7);--awb-bg-image:url(&#039;https:\/\/dev.steinbeis-hochschule.de\/wp-content\/uploads\/2025\/12\/omline-bibo-1338461520-1024x683.webp&#039;);--awb-bg-size:cover;--awb-width-large:33.333333333333%;--awb-margin-top-large:0px;--awb-spacing-right-large:0%;--awb-margin-bottom-large:0px;--awb-spacing-left-large:1.44%;--awb-width-medium:33.333333333333%;--awb-order-medium:0;--awb-spacing-right-medium:0%;--awb-spacing-left-medium:1.44%;--awb-width-small:100%;--awb-order-small:0;--awb-spacing-right-small:1.92%;--awb-spacing-left-small:1.92%;\" data-scroll-devices=\"small-visibility,medium-visibility,large-visibility\"><div class=\"fusion-column-wrapper fusion-column-has-shadow fusion-flex-justify-content-flex-start fusion-content-layout-column fusion-empty-column-bg-image fusion-column-has-bg-image\" data-bg-url=\"https:\/\/dev.steinbeis-hochschule.de\/wp-content\/uploads\/2025\/12\/omline-bibo-1338461520-1024x683.webp\"><img decoding=\"async\" class=\"fusion-empty-dims-img-placeholder fusion-no-large-visibility fusion-no-medium-visibility\" alt=\"Eine junge Frau steht vor einem Buchregal und recherchiert Informationen \u00fcber ein Handy. iStock-1338461520\" aria-label=\"Bibliotheksrecherche\" src=\"data:image\/svg+xml,%3Csvg%20xmlns%3D%27http%3A%2F%2Fwww.w3.org%2F2000%2Fsvg%27%20width%3D%271024%27%20height%3D%27683%27%20viewBox%3D%270%200%201024%20683%27%3E%3Crect%20width%3D%271024%27%20height%3D%27683%27%20fill-opacity%3D%220%22%2F%3E%3C%2Fsvg%3E\"><\/div><\/div><\/div><\/div><div class=\"fusion-fullwidth fullwidth-box fusion-builder-row-2 fusion-flex-container has-pattern-background has-mask-background nonhundred-percent-fullwidth non-hundred-percent-height-scrolling fusion-custom-z-index\" style=\"--awb-border-radius-top-left:0px;--awb-border-radius-top-right:0px;--awb-border-radius-bottom-right:0px;--awb-border-radius-bottom-left:0px;--awb-z-index:1;--awb-padding-top:0px;--awb-padding-right:10%;--awb-padding-bottom:2&amp;;--awb-padding-left:10%;--awb-padding-right-medium:5%;--awb-padding-left-medium:5%;--awb-padding-right-small:5%;--awb-padding-left-small:5%;--awb-margin-top:5%;--awb-margin-bottom:5%;--awb-flex-wrap:wrap;\" ><div class=\"fusion-builder-row fusion-row fusion-flex-align-items-flex-start fusion-flex-justify-content-center fusion-flex-content-wrap\" style=\"max-width:1454.96px;margin-left: calc(-4% \/ 2 );margin-right: calc(-4% \/ 2 );\"><div class=\"fusion-layout-column fusion_builder_column fusion-builder-column-2 fusion_builder_column_1_1 1_1 fusion-flex-column\" style=\"--awb-bg-size:cover;--awb-width-large:100%;--awb-margin-top-large:0px;--awb-spacing-right-large:1.92%;--awb-margin-bottom-large:20px;--awb-spacing-left-large:1.92%;--awb-width-medium:100%;--awb-order-medium:0;--awb-spacing-right-medium:1.92%;--awb-spacing-left-medium:1.92%;--awb-width-small:100%;--awb-order-small:0;--awb-spacing-right-small:1.92%;--awb-spacing-left-small:1.92%;\"><div class=\"fusion-column-wrapper fusion-column-has-shadow fusion-flex-justify-content-flex-start fusion-content-layout-column\"><div class=\"fusion-title title fusion-title-3 fusion-sep-none fusion-title-center fusion-title-text fusion-title-size-three\" style=\"--awb-text-color:var(--awb-color8);--awb-margin-top-small:10px;--awb-margin-right-small:5%;--awb-margin-bottom-small:10px;--awb-margin-left-small:5%;--awb-margin-right-medium:5%;--awb-margin-left-medium:5%;--awb-font-size:1.4em;\"><h3 class=\"fusion-title-heading title-heading-center fusion-responsive-typography-calculated\" style=\"font-family:&quot;Open Sans&quot;;font-style:normal;font-weight:400;margin:0;letter-spacing:var(--awb-typography3-letter-spacing);text-transform:var(--awb-typography3-text-transform);font-size:1em;--fontSize:23.8;--minFontSize:23.8;line-height:1.3;\"><p>Hier finden Sie die Links zu den Online-Bibliotheken der Steinbeis Hochschule. \u00dcber den Login haben Sie Zugang zu wissenschaftlichen Fachzeitschriften und E-Books, die Sie f\u00fcr Ihr Studium ben\u00f6tigen. Zudem stellen wir Ihnen eine \u00dcbersicht wissenschaftlicher Datenbanken mit den wichtigsten Informationen als Download zur Verf\u00fcgung.<\/p>\n<p>Sie haben noch kein pers\u00f6nliches Passwort? Bitte fragen Sie einen Zugang bei unserem <a href=\"mailto:Online-Bibliothek@steinbeis-hochschule.de\"><span style=\"color: var(--awb-color2);\">Support Team<\/span><\/a><b> <\/b>an.<\/p><\/h3><\/div><div class=\"fusion-title title fusion-title-4 fusion-sep-none fusion-title-center fusion-title-text fusion-title-size-four\" style=\"--awb-text-color:var(--awb-color3);--awb-margin-top:5%;--awb-margin-right:2%;--awb-margin-bottom:1%;--awb-margin-left:3%;--awb-margin-top-small:10px;--awb-margin-right-small:0px;--awb-margin-bottom-small:10px;--awb-margin-left-small:0px;--awb-font-size:var(--awb-custom_typography_19-font-size);\"><h4 class=\"fusion-title-heading title-heading-center fusion-responsive-typography-calculated\" style=\"font-family:var(--awb-custom_typography_19-font-family);font-weight:var(--awb-custom_typography_19-font-weight);font-style:var(--awb-custom_typography_19-font-style);margin:0;letter-spacing:var(--awb-custom_typography_19-letter-spacing);text-transform:var(--awb-custom_typography_19-text-transform);font-size:1em;--fontSize:34;line-height:1.06;\">Login Online-Bibliotheken<\/h4><\/div><\/div><\/div><div class=\"fusion-layout-column fusion_builder_column fusion-builder-column-3 fusion_builder_column_1_1 1_1 fusion-flex-column fusion-flex-align-self-center\" style=\"--awb-padding-top:2%;--awb-padding-right:5%;--awb-padding-bottom:2%;--awb-padding-left:5%;--awb-bg-color:#f2f5f7;--awb-bg-color-hover:#f2f5f7;--awb-bg-size:cover;--awb-width-large:100%;--awb-margin-top-large:0px;--awb-spacing-right-large:1.92%;--awb-margin-bottom-large:20px;--awb-spacing-left-large:1.92%;--awb-width-medium:100%;--awb-order-medium:0;--awb-spacing-right-medium:1.92%;--awb-spacing-left-medium:1.92%;--awb-width-small:100%;--awb-order-small:0;--awb-spacing-right-small:1.92%;--awb-margin-bottom-small:0px;--awb-spacing-left-small:1.92%;\" data-scroll-devices=\"small-visibility,medium-visibility,large-visibility\"><div class=\"fusion-column-wrapper fusion-column-has-shadow fusion-flex-justify-content-flex-start fusion-content-layout-column\"><div class=\"fusion-text fusion-text-1\" style=\"--awb-content-alignment:center;\"><div class=\"ppw-restricted-content ppw-pcp-container\" id=\"5850113\">\n\t<form method=\"post\" autocomplete=\"off\" action=\"https:\/\/www.steinbeis-hochschule.de\/en\/online-bibliotheken-test\/?action=postpass&r=21\" target=\"_top\" class=\"post-password-form ppw-form ppw-pcp-password-form\" data-submit=\"5850\">\n\t\t<div class=\"ppw-headline ppw-pcp-pf-headline\">Restricted Content<\/div>\n\t\t<div class=\"ppw-description ppw-pcp-pf-desc\"><p>Bitte Passwort eingeben|Please enter the password:\u00a0<\/p><\/div>\n\t\t\n\t\t<p class=\"ppw-input\">\n\t\t\t<input type=\"hidden\" value=\"5224\" name=\"area\" \/>\n\t\t\t<label class=\"ppw-pcp-password-label\">Password: <input placeholder=\"\" type=\"password\" tabindex=\"1\" name=\"5850\" class=\"ppw-password-input ppw-pcp-pf-password-input\" autocomplete=\"new-password\">\n\t\t\t<\/label>\n\t\t\t<input class=\"ppw-page\" type=\"hidden\" value=\"1\" \/>\n\t\t\t\n\t\t\t\t\t\t<input name=\"submit\" type=\"submit\" data-loading=\"Loading...\" class=\"ppw-submit ppw-pcp-pf-submit-btn\" value=\"Enter\"\/>\n\t\t<\/p>\n\t\t\n\t\t<div class=\"ppw-pcp-pf-desc-below-form\"><\/div>\n\t\t\n\t\t<div class=\"ppw-error ppw-pcp-pf-error-msg\" style=\"color: #dc3232\">\n\t\t\t\n\t\t<\/div>\n\t<\/form>\n<\/div>\n\n<\/div><\/div><\/div><\/div><\/div><\/p>\n","protected":false},"excerpt":{"rendered":"","protected":false},"author":2,"featured_media":0,"parent":0,"menu_order":0,"comment_status":"closed","ping_status":"closed","template":"100-width.php","meta":{"_acf_changed":false,"footnotes":""},"class_list":["post-5850","page","type-page","status-publish","hentry"],"acf":[],"_links":{"self":[{"href":"https:\/\/www.steinbeis-hochschule.de\/en\/wp-json\/wp\/v2\/pages\/5850","targetHints":{"allow":["GET"]}}],"collection":[{"href":"https:\/\/www.steinbeis-hochschule.de\/en\/wp-json\/wp\/v2\/pages"}],"about":[{"href":"https:\/\/www.steinbeis-hochschule.de\/en\/wp-json\/wp\/v2\/types\/page"}],"author":[{"embeddable":true,"href":"https:\/\/www.steinbeis-hochschule.de\/en\/wp-json\/wp\/v2\/users\/2"}],"replies":[{"embeddable":true,"href":"https:\/\/www.steinbeis-hochschule.de\/en\/wp-json\/wp\/v2\/comments?post=5850"}],"version-history":[{"count":38,"href":"https:\/\/www.steinbeis-hochschule.de\/en\/wp-json\/wp\/v2\/pages\/5850\/revisions"}],"predecessor-version":[{"id":6514,"href":"https:\/\/www.steinbeis-hochschule.de\/en\/wp-json\/wp\/v2\/pages\/5850\/revisions\/6514"}],"wp:attachment":[{"href":"https:\/\/www.steinbeis-hochschule.de\/en\/wp-json\/wp\/v2\/media?parent=5850"}],"curies":[{"name":"wp","href":"https:\/\/api.w.org\/{rel}","templated":true}]}}